{"id":1436,"date":"2025-06-12T14:00:36","date_gmt":"2025-06-12T14:00:36","guid":{"rendered":"https:\/\/intl.skingourmet.com\/?post_type=product&#038;p=1436"},"modified":"2025-06-12T14:00:36","modified_gmt":"2025-06-12T14:00:36","slug":"gourmet-wooden-box","status":"publish","type":"product","link":"https:\/\/intl.skingourmet.com\/es\/producto\/gourmet-wooden-box\/","title":{"rendered":"Caja de madera Gourmet"},"excerpt":{"rendered":"<p>La madera de afromosia es una madera dura, resistente y duradera, perfecta para fabricar cajas robustas. Su resistencia natural al desgaste, las plagas y la humedad garantiza su longevidad, mientras que su atractivo color marr\u00f3n dorado a\u00f1ade un toque de estilo. Ideal para interiores y exteriores, la afromosia es una opci\u00f3n fiable para la construcci\u00f3n de cajas.<\/p>\n<p>Afromosia es una opci\u00f3n vers\u00e1til y ecol\u00f3gica para crear cajas resistentes y fiables que combinan funcionalidad y atractivo est\u00e9tico.<\/p>","protected":false},"featured_media":1437,"comment_status":"open","ping_status":"closed","template":"","meta":{"_acf_changed":false},"product_brand":[],"product_cat":[20],"product_tag":[],"class_list":{"0":"post-1436","1":"product","2":"type-product","3":"status-publish","4":"has-post-thumbnail","6":"product_cat-extra","8":"first","9":"instock","10":"shipping-taxable","11":"purchasable","12":"product-type-simple"},"acf":[],"yoast_head":"<!-- This site is optimized with the Yoast SEO plugin v27.2 - https:\/\/yoast.com\/product\/yoast-seo-wordpress\/ -->\n<title>Gourmet Wooden Box - Skin Gourmet International<\/title>\n<meta name=\"robots\" content=\"index, follow, max-snippet:-1, max-image-preview:large, max-video-preview:-1\" \/>\n<link rel=\"canonical\" href=\"https:\/\/intl.skingourmet.com\/es\/produit\/gourmet-wooden-box\/\" \/>\n<meta property=\"og:locale\" content=\"es_ES\" \/>\n<meta property=\"og:type\" content=\"article\" \/>\n<meta property=\"og:title\" content=\"Gourmet Wooden Box - Skin Gourmet International\" \/>\n<meta property=\"og:description\" content=\"Afromosia wood is a strong and durable hardwood, perfect for making sturdy crates. It&#039;s natural resistance to wear, pests, and moisture ensures longevity, while it&#039;s attractive golden-brown color adds a touch of style. Ideal for both indoor and outdoor use, Afromosia is a reliable choice for crate construction  Afromosia is a versatile and eco-friendly option for creating sturdy, reliable crates that combine functionality with aesthetic appeal.\" \/>\n<meta property=\"og:url\" content=\"https:\/\/intl.skingourmet.com\/es\/produit\/gourmet-wooden-box\/\" \/>\n<meta property=\"og:site_name\" content=\"Skin Gourmet International\" \/>\n<meta property=\"og:image\" content=\"https:\/\/intl.skingourmet.com\/wp-content\/uploads\/sites\/2\/2025\/06\/BOX-1111-scaled.png\" \/>\n\t<meta property=\"og:image:width\" content=\"2560\" \/>\n\t<meta property=\"og:image:height\" content=\"1707\" \/>\n\t<meta property=\"og:image:type\" content=\"image\/png\" \/>\n<meta name=\"twitter:card\" content=\"summary_large_image\" \/>\n<script type=\"application\/ld+json\" class=\"yoast-schema-graph\">{\"@context\":\"https:\/\/schema.org\",\"@graph\":[{\"@type\":\"WebPage\",\"@id\":\"https:\/\/intl.skingourmet.com\/fr\/produit\/gourmet-wooden-box\/\",\"url\":\"https:\/\/intl.skingourmet.com\/fr\/produit\/gourmet-wooden-box\/\",\"name\":\"Gourmet Wooden Box - Skin Gourmet International\",\"isPartOf\":{\"@id\":\"https:\/\/intl.skingourmet.com\/#website\"},\"primaryImageOfPage\":{\"@id\":\"https:\/\/intl.skingourmet.com\/fr\/produit\/gourmet-wooden-box\/#primaryimage\"},\"image\":{\"@id\":\"https:\/\/intl.skingourmet.com\/fr\/produit\/gourmet-wooden-box\/#primaryimage\"},\"thumbnailUrl\":\"https:\/\/intl.skingourmet.com\/wp-content\/uploads\/sites\/2\/2025\/06\/BOX-1111-scaled.png\",\"datePublished\":\"2025-06-12T14:00:36+00:00\",\"breadcrumb\":{\"@id\":\"https:\/\/intl.skingourmet.com\/fr\/produit\/gourmet-wooden-box\/#breadcrumb\"},\"inLanguage\":\"es\",\"potentialAction\":[{\"@type\":\"ReadAction\",\"target\":[\"https:\/\/intl.skingourmet.com\/fr\/produit\/gourmet-wooden-box\/\"]}]},{\"@type\":\"ImageObject\",\"inLanguage\":\"es\",\"@id\":\"https:\/\/intl.skingourmet.com\/fr\/produit\/gourmet-wooden-box\/#primaryimage\",\"url\":\"https:\/\/intl.skingourmet.com\/wp-content\/uploads\/sites\/2\/2025\/06\/BOX-1111-scaled.png\",\"contentUrl\":\"https:\/\/intl.skingourmet.com\/wp-content\/uploads\/sites\/2\/2025\/06\/BOX-1111-scaled.png\",\"width\":2560,\"height\":1707},{\"@type\":\"BreadcrumbList\",\"@id\":\"https:\/\/intl.skingourmet.com\/fr\/produit\/gourmet-wooden-box\/#breadcrumb\",\"itemListElement\":[{\"@type\":\"ListItem\",\"position\":1,\"name\":\"Home\",\"item\":\"https:\/\/intl.skingourmet.com\/\"},{\"@type\":\"ListItem\",\"position\":2,\"name\":\"Shop\",\"item\":\"https:\/\/intl.skingourmet.com\/shop\/\"},{\"@type\":\"ListItem\",\"position\":3,\"name\":\"Gourmet Wooden Box\"}]},{\"@type\":\"WebSite\",\"@id\":\"https:\/\/intl.skingourmet.com\/#website\",\"url\":\"https:\/\/intl.skingourmet.com\/\",\"name\":\"Skin Gourmet International\",\"description\":\"Raw Edible Skincare Sourced From The Wild\",\"publisher\":{\"@id\":\"https:\/\/intl.skingourmet.com\/#organization\"},\"potentialAction\":[{\"@type\":\"SearchAction\",\"target\":{\"@type\":\"EntryPoint\",\"urlTemplate\":\"https:\/\/intl.skingourmet.com\/?s={search_term_string}\"},\"query-input\":{\"@type\":\"PropertyValueSpecification\",\"valueRequired\":true,\"valueName\":\"search_term_string\"}}],\"inLanguage\":\"es\"},{\"@type\":\"Organization\",\"@id\":\"https:\/\/intl.skingourmet.com\/#organization\",\"name\":\"Skin Gourmet International\",\"url\":\"https:\/\/intl.skingourmet.com\/\",\"logo\":{\"@type\":\"ImageObject\",\"inLanguage\":\"es\",\"@id\":\"https:\/\/intl.skingourmet.com\/#\/schema\/logo\/image\/\",\"url\":\"https:\/\/intl.skingourmet.com\/wp-content\/uploads\/sites\/2\/2024\/09\/logo.webp\",\"contentUrl\":\"https:\/\/intl.skingourmet.com\/wp-content\/uploads\/sites\/2\/2024\/09\/logo.webp\",\"width\":688,\"height\":200,\"caption\":\"Skin Gourmet International\"},\"image\":{\"@id\":\"https:\/\/intl.skingourmet.com\/#\/schema\/logo\/image\/\"}}]}<\/script>\n<!-- \/ Yoast SEO plugin. -->","yoast_head_json":{"title":"Caja de madera Gourmet - Skin Gourmet International","robots":{"index":"index","follow":"follow","max-snippet":"max-snippet:-1","max-image-preview":"max-image-preview:large","max-video-preview":"max-video-preview:-1"},"canonical":"https:\/\/intl.skingourmet.com\/es\/produit\/gourmet-wooden-box\/","og_locale":"es_ES","og_type":"article","og_title":"Gourmet Wooden Box - Skin Gourmet International","og_description":"Afromosia wood is a strong and durable hardwood, perfect for making sturdy crates. It's natural resistance to wear, pests, and moisture ensures longevity, while it's attractive golden-brown color adds a touch of style. Ideal for both indoor and outdoor use, Afromosia is a reliable choice for crate construction  Afromosia is a versatile and eco-friendly option for creating sturdy, reliable crates that combine functionality with aesthetic appeal.","og_url":"https:\/\/intl.skingourmet.com\/es\/produit\/gourmet-wooden-box\/","og_site_name":"Skin Gourmet International","og_image":[{"width":2560,"height":1707,"url":"https:\/\/intl.skingourmet.com\/wp-content\/uploads\/sites\/2\/2025\/06\/BOX-1111-scaled.png","type":"image\/png"}],"twitter_card":"summary_large_image","schema":{"@context":"https:\/\/schema.org","@graph":[{"@type":"WebPage","@id":"https:\/\/intl.skingourmet.com\/fr\/produit\/gourmet-wooden-box\/","url":"https:\/\/intl.skingourmet.com\/fr\/produit\/gourmet-wooden-box\/","name":"Caja de madera Gourmet - Skin Gourmet International","isPartOf":{"@id":"https:\/\/intl.skingourmet.com\/#website"},"primaryImageOfPage":{"@id":"https:\/\/intl.skingourmet.com\/fr\/produit\/gourmet-wooden-box\/#primaryimage"},"image":{"@id":"https:\/\/intl.skingourmet.com\/fr\/produit\/gourmet-wooden-box\/#primaryimage"},"thumbnailUrl":"https:\/\/intl.skingourmet.com\/wp-content\/uploads\/sites\/2\/2025\/06\/BOX-1111-scaled.png","datePublished":"2025-06-12T14:00:36+00:00","breadcrumb":{"@id":"https:\/\/intl.skingourmet.com\/fr\/produit\/gourmet-wooden-box\/#breadcrumb"},"inLanguage":"es","potentialAction":[{"@type":"ReadAction","target":["https:\/\/intl.skingourmet.com\/fr\/produit\/gourmet-wooden-box\/"]}]},{"@type":"ImageObject","inLanguage":"es","@id":"https:\/\/intl.skingourmet.com\/fr\/produit\/gourmet-wooden-box\/#primaryimage","url":"https:\/\/intl.skingourmet.com\/wp-content\/uploads\/sites\/2\/2025\/06\/BOX-1111-scaled.png","contentUrl":"https:\/\/intl.skingourmet.com\/wp-content\/uploads\/sites\/2\/2025\/06\/BOX-1111-scaled.png","width":2560,"height":1707},{"@type":"BreadcrumbList","@id":"https:\/\/intl.skingourmet.com\/fr\/produit\/gourmet-wooden-box\/#breadcrumb","itemListElement":[{"@type":"ListItem","position":1,"name":"Home","item":"https:\/\/intl.skingourmet.com\/"},{"@type":"ListItem","position":2,"name":"Shop","item":"https:\/\/intl.skingourmet.com\/shop\/"},{"@type":"ListItem","position":3,"name":"Gourmet Wooden Box"}]},{"@type":"WebSite","@id":"https:\/\/intl.skingourmet.com\/#website","url":"https:\/\/intl.skingourmet.com\/","name":"Skin Gourmet Internacional","description":"Cuidado de la piel crudo y comestible de origen silvestre","publisher":{"@id":"https:\/\/intl.skingourmet.com\/#organization"},"potentialAction":[{"@type":"SearchAction","target":{"@type":"EntryPoint","urlTemplate":"https:\/\/intl.skingourmet.com\/?s={search_term_string}"},"query-input":{"@type":"PropertyValueSpecification","valueRequired":true,"valueName":"search_term_string"}}],"inLanguage":"es"},{"@type":"Organization","@id":"https:\/\/intl.skingourmet.com\/#organization","name":"Skin Gourmet Internacional","url":"https:\/\/intl.skingourmet.com\/","logo":{"@type":"ImageObject","inLanguage":"es","@id":"https:\/\/intl.skingourmet.com\/#\/schema\/logo\/image\/","url":"https:\/\/intl.skingourmet.com\/wp-content\/uploads\/sites\/2\/2024\/09\/logo.webp","contentUrl":"https:\/\/intl.skingourmet.com\/wp-content\/uploads\/sites\/2\/2024\/09\/logo.webp","width":688,"height":200,"caption":"Skin Gourmet International"},"image":{"@id":"https:\/\/intl.skingourmet.com\/#\/schema\/logo\/image\/"}}]}},"_links":{"self":[{"href":"https:\/\/intl.skingourmet.com\/es\/wp-json\/wp\/v2\/product\/1436","targetHints":{"allow":["GET"]}}],"collection":[{"href":"https:\/\/intl.skingourmet.com\/es\/wp-json\/wp\/v2\/product"}],"about":[{"href":"https:\/\/intl.skingourmet.com\/es\/wp-json\/wp\/v2\/types\/product"}],"replies":[{"embeddable":true,"href":"https:\/\/intl.skingourmet.com\/es\/wp-json\/wp\/v2\/comments?post=1436"}],"wp:featuredmedia":[{"embeddable":true,"href":"https:\/\/intl.skingourmet.com\/es\/wp-json\/wp\/v2\/media\/1437"}],"wp:attachment":[{"href":"https:\/\/intl.skingourmet.com\/es\/wp-json\/wp\/v2\/media?parent=1436"}],"wp:term":[{"taxonomy":"product_brand","embeddable":true,"href":"https:\/\/intl.skingourmet.com\/es\/wp-json\/wp\/v2\/product_brand?post=1436"},{"taxonomy":"product_cat","embeddable":true,"href":"https:\/\/intl.skingourmet.com\/es\/wp-json\/wp\/v2\/product_cat?post=1436"},{"taxonomy":"product_tag","embeddable":true,"href":"https:\/\/intl.skingourmet.com\/es\/wp-json\/wp\/v2\/product_tag?post=1436"}],"curies":[{"name":"wp","href":"https:\/\/api.w.org\/{rel}","templated":true}]}}