{"id":914,"date":"2024-11-18T17:16:41","date_gmt":"2024-11-18T17:16:41","guid":{"rendered":"https:\/\/intl.skingourmet.com\/?post_type=product&#038;p=914"},"modified":"2026-02-02T11:12:52","modified_gmt":"2026-02-02T11:12:52","slug":"coconut-shea-butter","status":"publish","type":"product","link":"https:\/\/intl.skingourmet.com\/es\/producto\/coconut-shea-butter\/","title":{"rendered":"Coco y manteca de karit\u00e9"},"excerpt":{"rendered":"<p><strong>Qu\u00e9 es<\/strong><\/p>\n<p>Skin Gourmet Coconut &amp; Shea Butter es una manteca de dos ingredientes elaborada con m\u00e1s de 60% de manteca de karit\u00e9 cruda y aceite de coco crudo, sin a\u00f1adir absolutamente nada m\u00e1s. Es una nutrici\u00f3n de la piel sencilla y de alto impacto: profundamente hidratante, protectora y dise\u00f1ada para que su piel se sienta reconfortada y bien nutrida durante todo el d\u00eda.<\/p>\n<p>Es una mantequilla comestible y un ingrediente vegano estupendo para cocinar.<\/p>\n<p>&nbsp;<\/p>\n<p><strong>Por qu\u00e9 funciona (el \u201cc\u00f3mo\u201d, no el bombo)<\/strong><\/p>\n<p>La manteca de karit\u00e9 cruda es rica en \u00e1cidos grasos y vitaminas naturales que ayudan a mantener la barrera cut\u00e1nea, retienen la humedad y protegen de la sequedad. Es especialmente buena para las zonas \u00e1speras y la piel estresada por el clima.<\/p>\n<p>El aceite de coco crudo es naturalmente rico en \u00e1cidos grasos que ayudan a suavizar y alisar la piel, favorecen una barrera cut\u00e1nea de aspecto m\u00e1s saludable y reducen esa sensaci\u00f3n \u201ccenicienta\u201d al sellar la humedad.<\/p>\n<p>Para el cabello, el aceite de coco es muy apreciado porque ayuda a reducir la sequedad, a\u00f1ade deslizamiento para el desenredado y favorece unas hebras m\u00e1s suaves y un brillo m\u00e1s saludable, especialmente en las puntas y en los peinados protectores.<\/p>\n<p>Juntos, el karit\u00e9 y el coco crean una manteca equilibrada que hidrata, sella y mantiene la piel y el cabello confortables sin rellenos ni conservantes.<\/p>\n<p>&nbsp;<\/p>\n<p><strong>C\u00f3mo puede ser para todo tipo de pieles, sinceramente<\/strong><\/p>\n<p>Todos los tipos de piel pueden utilizarlo. Las pieles secas pueden aplicarla generosamente. Las pieles grasas y mixtas pueden preferirla como hidratante espec\u00edfica o como manteca de noche.<\/p>\n<p>&nbsp;<\/p>\n<p><strong>C\u00f3mo se fabrica<\/strong><\/p>\n<p>Hecho a mano en Ghana con dos ingredientes limpios, sin conservantes, sin fragancia, nada extra.<\/p>\n<p>&nbsp;<\/p>\n<p><strong>Consejo<\/strong><\/p>\n<p>Mejor si se utiliza sobre la piel h\u00fameda o ligeramente mojada.<\/p>\n<p>Una mezcla tan rica y cuidada que hace que todos los codos y rodillas secos se doblen en se\u00f1al de derrota.<\/p>","protected":false},"featured_media":915,"comment_status":"open","ping_status":"closed","template":"","meta":{"_acf_changed":false},"product_brand":[],"product_cat":[23],"product_tag":[],"class_list":{"0":"post-914","1":"product","2":"type-product","3":"status-publish","4":"has-post-thumbnail","6":"product_cat-edible-butters","8":"first","9":"instock","10":"shipping-taxable","11":"purchasable","12":"product-type-simple"},"acf":[],"yoast_head":"<!-- This site is optimized with the Yoast SEO plugin v27.2 - https:\/\/yoast.com\/product\/yoast-seo-wordpress\/ -->\n<title>Coconut &amp; Shea Butter - Skin Gourmet International<\/title>\n<meta name=\"robots\" content=\"index, follow, max-snippet:-1, max-image-preview:large, max-video-preview:-1\" \/>\n<link rel=\"canonical\" href=\"https:\/\/intl.skingourmet.com\/es\/producto\/coconut-shea-butter\/\" \/>\n<meta property=\"og:locale\" content=\"es_ES\" \/>\n<meta property=\"og:type\" content=\"article\" \/>\n<meta property=\"og:title\" content=\"Coconut &amp; Shea Butter - Skin Gourmet International\" \/>\n<meta property=\"og:description\" content=\"What it is  Skin Gourmet Coconut &amp; Shea Butter is a two-ingredient butter made with over 60% raw shea butter and raw coconut oil, absolutely nothing else added. It\u2019s simple, high-impact skin nutrition: deeply moisturising, protective, and designed to keep your skin feeling comforted and well-fed all day.  This is an edible butter, and a great vegan ingredient for cooking.  &nbsp;  Why it works (the \u201chow,\u201d not hype)  Raw shea butter is rich in fatty acids and naturally occurring vitamins, which help support the skin barrier, lock in moisture, and protect against dryness. It\u2019s especially good for rough patches and weather-stressed skin.  Raw coconut oil is naturally rich in fatty acids that help soften and smooth the skin, support a healthier-looking skin barrier, and reduce that \u201cashy\u201d feel by sealing in moisture.  For hair, coconut oil is loved because it helps reduce dryness, adds slip for detangling, and supports softer-feeling strands and a healthier-looking shine, especially on ends and protective styles.  Together, shea + coconut create a balanced butter that hydrates, seals, and keeps skin and hair comfortable without fillers or preservatives.  &nbsp;  How it can be for all skin types, honestly  All skin types can use it. Dry skin can apply generously. Oily and combination skin may prefer it as a targeted moisturizer or as a night butter.  &nbsp;  How it\u2019s made  Handmade in Ghana with two clean ingredients, no preservatives, no fragrance, nothing extra.  &nbsp;  Tip  Best when used on damp or slightly wet skin.  A blend so rich and neat, makes every dry elbow and knee bow in defeat.\" \/>\n<meta property=\"og:url\" content=\"https:\/\/intl.skingourmet.com\/es\/producto\/coconut-shea-butter\/\" \/>\n<meta property=\"og:site_name\" content=\"Skin Gourmet International\" \/>\n<meta property=\"article:modified_time\" content=\"2026-02-02T11:12:52+00:00\" \/>\n<meta property=\"og:image\" content=\"https:\/\/intl.skingourmet.com\/wp-content\/uploads\/sites\/2\/2024\/11\/Coconut-and-shea-butter-683x1024.png\" \/>\n\t<meta property=\"og:image:width\" content=\"683\" \/>\n\t<meta property=\"og:image:height\" content=\"1024\" \/>\n\t<meta property=\"og:image:type\" content=\"image\/png\" \/>\n<meta name=\"twitter:card\" content=\"summary_large_image\" \/>\n<meta name=\"twitter:label1\" content=\"Tiempo de lectura\" \/>\n\t<meta name=\"twitter:data1\" content=\"1 minuto\" \/>\n<script type=\"application\/ld+json\" class=\"yoast-schema-graph\">{\"@context\":\"https:\/\/schema.org\",\"@graph\":[{\"@type\":\"WebPage\",\"@id\":\"https:\/\/intl.skingourmet.com\/product\/coconut-shea-butter\/\",\"url\":\"https:\/\/intl.skingourmet.com\/product\/coconut-shea-butter\/\",\"name\":\"Coconut & Shea Butter - Skin Gourmet International\",\"isPartOf\":{\"@id\":\"https:\/\/intl.skingourmet.com\/#website\"},\"primaryImageOfPage\":{\"@id\":\"https:\/\/intl.skingourmet.com\/product\/coconut-shea-butter\/#primaryimage\"},\"image\":{\"@id\":\"https:\/\/intl.skingourmet.com\/product\/coconut-shea-butter\/#primaryimage\"},\"thumbnailUrl\":\"https:\/\/intl.skingourmet.com\/wp-content\/uploads\/sites\/2\/2024\/11\/Coconut-and-shea-butter.png\",\"datePublished\":\"2024-11-18T17:16:41+00:00\",\"dateModified\":\"2026-02-02T11:12:52+00:00\",\"breadcrumb\":{\"@id\":\"https:\/\/intl.skingourmet.com\/product\/coconut-shea-butter\/#breadcrumb\"},\"inLanguage\":\"es\",\"potentialAction\":[{\"@type\":\"ReadAction\",\"target\":[\"https:\/\/intl.skingourmet.com\/product\/coconut-shea-butter\/\"]}]},{\"@type\":\"ImageObject\",\"inLanguage\":\"es\",\"@id\":\"https:\/\/intl.skingourmet.com\/product\/coconut-shea-butter\/#primaryimage\",\"url\":\"https:\/\/intl.skingourmet.com\/wp-content\/uploads\/sites\/2\/2024\/11\/Coconut-and-shea-butter.png\",\"contentUrl\":\"https:\/\/intl.skingourmet.com\/wp-content\/uploads\/sites\/2\/2024\/11\/Coconut-and-shea-butter.png\",\"width\":2784,\"height\":4176},{\"@type\":\"BreadcrumbList\",\"@id\":\"https:\/\/intl.skingourmet.com\/product\/coconut-shea-butter\/#breadcrumb\",\"itemListElement\":[{\"@type\":\"ListItem\",\"position\":1,\"name\":\"Home\",\"item\":\"https:\/\/intl.skingourmet.com\/\"},{\"@type\":\"ListItem\",\"position\":2,\"name\":\"Shop\",\"item\":\"https:\/\/intl.skingourmet.com\/shop\/\"},{\"@type\":\"ListItem\",\"position\":3,\"name\":\"Coconut &#038; Shea Butter\"}]},{\"@type\":\"WebSite\",\"@id\":\"https:\/\/intl.skingourmet.com\/#website\",\"url\":\"https:\/\/intl.skingourmet.com\/\",\"name\":\"Skin Gourmet International\",\"description\":\"Raw Edible Skincare Sourced From The Wild\",\"publisher\":{\"@id\":\"https:\/\/intl.skingourmet.com\/#organization\"},\"potentialAction\":[{\"@type\":\"SearchAction\",\"target\":{\"@type\":\"EntryPoint\",\"urlTemplate\":\"https:\/\/intl.skingourmet.com\/?s={search_term_string}\"},\"query-input\":{\"@type\":\"PropertyValueSpecification\",\"valueRequired\":true,\"valueName\":\"search_term_string\"}}],\"inLanguage\":\"es\"},{\"@type\":\"Organization\",\"@id\":\"https:\/\/intl.skingourmet.com\/#organization\",\"name\":\"Skin Gourmet International\",\"url\":\"https:\/\/intl.skingourmet.com\/\",\"logo\":{\"@type\":\"ImageObject\",\"inLanguage\":\"es\",\"@id\":\"https:\/\/intl.skingourmet.com\/#\/schema\/logo\/image\/\",\"url\":\"https:\/\/intl.skingourmet.com\/wp-content\/uploads\/sites\/2\/2024\/09\/logo.webp\",\"contentUrl\":\"https:\/\/intl.skingourmet.com\/wp-content\/uploads\/sites\/2\/2024\/09\/logo.webp\",\"width\":688,\"height\":200,\"caption\":\"Skin Gourmet International\"},\"image\":{\"@id\":\"https:\/\/intl.skingourmet.com\/#\/schema\/logo\/image\/\"}}]}<\/script>\n<!-- \/ Yoast SEO plugin. -->","yoast_head_json":{"title":"Manteca de coco y karit\u00e9 - Skin Gourmet International","robots":{"index":"index","follow":"follow","max-snippet":"max-snippet:-1","max-image-preview":"max-image-preview:large","max-video-preview":"max-video-preview:-1"},"canonical":"https:\/\/intl.skingourmet.com\/es\/producto\/coconut-shea-butter\/","og_locale":"es_ES","og_type":"article","og_title":"Coconut & Shea Butter - Skin Gourmet International","og_description":"What it is  Skin Gourmet Coconut &amp; Shea Butter is a two-ingredient butter made with over 60% raw shea butter and raw coconut oil, absolutely nothing else added. It\u2019s simple, high-impact skin nutrition: deeply moisturising, protective, and designed to keep your skin feeling comforted and well-fed all day.  This is an edible butter, and a great vegan ingredient for cooking.  &nbsp;  Why it works (the \u201chow,\u201d not hype)  Raw shea butter is rich in fatty acids and naturally occurring vitamins, which help support the skin barrier, lock in moisture, and protect against dryness. It\u2019s especially good for rough patches and weather-stressed skin.  Raw coconut oil is naturally rich in fatty acids that help soften and smooth the skin, support a healthier-looking skin barrier, and reduce that \u201cashy\u201d feel by sealing in moisture.  For hair, coconut oil is loved because it helps reduce dryness, adds slip for detangling, and supports softer-feeling strands and a healthier-looking shine, especially on ends and protective styles.  Together, shea + coconut create a balanced butter that hydrates, seals, and keeps skin and hair comfortable without fillers or preservatives.  &nbsp;  How it can be for all skin types, honestly  All skin types can use it. Dry skin can apply generously. Oily and combination skin may prefer it as a targeted moisturizer or as a night butter.  &nbsp;  How it\u2019s made  Handmade in Ghana with two clean ingredients, no preservatives, no fragrance, nothing extra.  &nbsp;  Tip  Best when used on damp or slightly wet skin.  A blend so rich and neat, makes every dry elbow and knee bow in defeat.","og_url":"https:\/\/intl.skingourmet.com\/es\/producto\/coconut-shea-butter\/","og_site_name":"Skin Gourmet International","article_modified_time":"2026-02-02T11:12:52+00:00","og_image":[{"width":683,"height":1024,"url":"https:\/\/intl.skingourmet.com\/wp-content\/uploads\/sites\/2\/2024\/11\/Coconut-and-shea-butter-683x1024.png","type":"image\/png"}],"twitter_card":"summary_large_image","twitter_misc":{"Tiempo de lectura":"1 minuto"},"schema":{"@context":"https:\/\/schema.org","@graph":[{"@type":"WebPage","@id":"https:\/\/intl.skingourmet.com\/product\/coconut-shea-butter\/","url":"https:\/\/intl.skingourmet.com\/product\/coconut-shea-butter\/","name":"Manteca de coco y karit\u00e9 - Skin Gourmet International","isPartOf":{"@id":"https:\/\/intl.skingourmet.com\/#website"},"primaryImageOfPage":{"@id":"https:\/\/intl.skingourmet.com\/product\/coconut-shea-butter\/#primaryimage"},"image":{"@id":"https:\/\/intl.skingourmet.com\/product\/coconut-shea-butter\/#primaryimage"},"thumbnailUrl":"https:\/\/intl.skingourmet.com\/wp-content\/uploads\/sites\/2\/2024\/11\/Coconut-and-shea-butter.png","datePublished":"2024-11-18T17:16:41+00:00","dateModified":"2026-02-02T11:12:52+00:00","breadcrumb":{"@id":"https:\/\/intl.skingourmet.com\/product\/coconut-shea-butter\/#breadcrumb"},"inLanguage":"es","potentialAction":[{"@type":"ReadAction","target":["https:\/\/intl.skingourmet.com\/product\/coconut-shea-butter\/"]}]},{"@type":"ImageObject","inLanguage":"es","@id":"https:\/\/intl.skingourmet.com\/product\/coconut-shea-butter\/#primaryimage","url":"https:\/\/intl.skingourmet.com\/wp-content\/uploads\/sites\/2\/2024\/11\/Coconut-and-shea-butter.png","contentUrl":"https:\/\/intl.skingourmet.com\/wp-content\/uploads\/sites\/2\/2024\/11\/Coconut-and-shea-butter.png","width":2784,"height":4176},{"@type":"BreadcrumbList","@id":"https:\/\/intl.skingourmet.com\/product\/coconut-shea-butter\/#breadcrumb","itemListElement":[{"@type":"ListItem","position":1,"name":"Home","item":"https:\/\/intl.skingourmet.com\/"},{"@type":"ListItem","position":2,"name":"Shop","item":"https:\/\/intl.skingourmet.com\/shop\/"},{"@type":"ListItem","position":3,"name":"Coconut &#038; Shea Butter"}]},{"@type":"WebSite","@id":"https:\/\/intl.skingourmet.com\/#website","url":"https:\/\/intl.skingourmet.com\/","name":"Skin Gourmet Internacional","description":"Cuidado de la piel crudo y comestible de origen silvestre","publisher":{"@id":"https:\/\/intl.skingourmet.com\/#organization"},"potentialAction":[{"@type":"SearchAction","target":{"@type":"EntryPoint","urlTemplate":"https:\/\/intl.skingourmet.com\/?s={search_term_string}"},"query-input":{"@type":"PropertyValueSpecification","valueRequired":true,"valueName":"search_term_string"}}],"inLanguage":"es"},{"@type":"Organization","@id":"https:\/\/intl.skingourmet.com\/#organization","name":"Skin Gourmet Internacional","url":"https:\/\/intl.skingourmet.com\/","logo":{"@type":"ImageObject","inLanguage":"es","@id":"https:\/\/intl.skingourmet.com\/#\/schema\/logo\/image\/","url":"https:\/\/intl.skingourmet.com\/wp-content\/uploads\/sites\/2\/2024\/09\/logo.webp","contentUrl":"https:\/\/intl.skingourmet.com\/wp-content\/uploads\/sites\/2\/2024\/09\/logo.webp","width":688,"height":200,"caption":"Skin Gourmet International"},"image":{"@id":"https:\/\/intl.skingourmet.com\/#\/schema\/logo\/image\/"}}]}},"_links":{"self":[{"href":"https:\/\/intl.skingourmet.com\/es\/wp-json\/wp\/v2\/product\/914","targetHints":{"allow":["GET"]}}],"collection":[{"href":"https:\/\/intl.skingourmet.com\/es\/wp-json\/wp\/v2\/product"}],"about":[{"href":"https:\/\/intl.skingourmet.com\/es\/wp-json\/wp\/v2\/types\/product"}],"replies":[{"embeddable":true,"href":"https:\/\/intl.skingourmet.com\/es\/wp-json\/wp\/v2\/comments?post=914"}],"wp:featuredmedia":[{"embeddable":true,"href":"https:\/\/intl.skingourmet.com\/es\/wp-json\/wp\/v2\/media\/915"}],"wp:attachment":[{"href":"https:\/\/intl.skingourmet.com\/es\/wp-json\/wp\/v2\/media?parent=914"}],"wp:term":[{"taxonomy":"product_brand","embeddable":true,"href":"https:\/\/intl.skingourmet.com\/es\/wp-json\/wp\/v2\/product_brand?post=914"},{"taxonomy":"product_cat","embeddable":true,"href":"https:\/\/intl.skingourmet.com\/es\/wp-json\/wp\/v2\/product_cat?post=914"},{"taxonomy":"product_tag","embeddable":true,"href":"https:\/\/intl.skingourmet.com\/es\/wp-json\/wp\/v2\/product_tag?post=914"}],"curies":[{"name":"wp","href":"https:\/\/api.w.org\/{rel}","templated":true}]}}