{"id":930,"date":"2024-11-18T18:21:55","date_gmt":"2024-11-18T18:21:55","guid":{"rendered":"https:\/\/intl.skingourmet.com\/?post_type=product&#038;p=930"},"modified":"2025-12-06T19:44:27","modified_gmt":"2025-12-06T19:44:27","slug":"coconut-bowl","status":"publish","type":"product","link":"https:\/\/intl.skingourmet.com\/es\/producto\/coconut-bowl\/","title":{"rendered":"Cuenco de coco gourmet"},"excerpt":{"rendered":"<p data-start=\"226\" data-end=\"445\">Nuestra <strong data-start=\"230\" data-end=\"246\">Cuenco de coco<\/strong> est\u00e1 hecho a mano con aut\u00e9ntica c\u00e1scara de coco recuperada, reciclada de la naturaleza y pulida a la perfecci\u00f3n. Cada cuenco ha sido moldeado de forma \u00fanica por la tierra, lo que lo convierte en \u00fanico, como tu ritual en la piel.<\/p>\n<p data-start=\"447\" data-end=\"690\">Util\u00edcelo para <strong data-start=\"457\" data-end=\"518\">mezcla tus mantecas, exfoliantes y mascarillas Skin Gourmet favoritas<\/strong>o como una forma elegante de servir productos comestibles como nuestro cacao crudo o aceite de coco. Tambi\u00e9n es perfecto para batidos, frutas y ensaladas, porque el cuidado de la piel empieza desde dentro.<\/p>","protected":false},"featured_media":933,"comment_status":"open","ping_status":"closed","template":"","meta":{"_acf_changed":false},"product_brand":[],"product_cat":[20],"product_tag":[],"class_list":{"0":"post-930","1":"product","2":"type-product","3":"status-publish","4":"has-post-thumbnail","6":"product_cat-extra","8":"first","9":"instock","10":"shipping-taxable","11":"purchasable","12":"product-type-simple"},"acf":[],"yoast_head":"<!-- This site is optimized with the Yoast SEO plugin v27.2 - https:\/\/yoast.com\/product\/yoast-seo-wordpress\/ -->\n<title>Gourmet Coconut Bowl - Skin Gourmet International<\/title>\n<meta name=\"robots\" content=\"index, follow, max-snippet:-1, max-image-preview:large, max-video-preview:-1\" \/>\n<link rel=\"canonical\" href=\"https:\/\/intl.skingourmet.com\/es\/produit\/coconut-bowl\/\" \/>\n<meta property=\"og:locale\" content=\"es_ES\" \/>\n<meta property=\"og:type\" content=\"article\" \/>\n<meta property=\"og:title\" content=\"Gourmet Coconut Bowl - Skin Gourmet International\" \/>\n<meta property=\"og:description\" content=\"Our Coconut Bowl is handcrafted from real, reclaimed coconut shells \u2014 upcycled from nature and polished to perfection. Each bowl is uniquely shaped by the earth, making it one of a kind \u2014 just like your skin ritual. Use it to mix your favorite Skin Gourmet butters, scrubs, and masks, or as a stylish way to serve edible products like our raw cocoa or coconut oil. It\u2019s also perfect for smoothies, fruits, and salads \u2014 because skincare starts from within.\" \/>\n<meta property=\"og:url\" content=\"https:\/\/intl.skingourmet.com\/es\/produit\/coconut-bowl\/\" \/>\n<meta property=\"og:site_name\" content=\"Skin Gourmet International\" \/>\n<meta property=\"article:modified_time\" content=\"2025-12-06T19:44:27+00:00\" \/>\n<meta property=\"og:image\" content=\"https:\/\/intl.skingourmet.com\/wp-content\/uploads\/sites\/2\/2024\/11\/coconut-bowl-714x1024.png\" \/>\n\t<meta property=\"og:image:width\" content=\"714\" \/>\n\t<meta property=\"og:image:height\" content=\"1024\" \/>\n\t<meta property=\"og:image:type\" content=\"image\/png\" \/>\n<meta name=\"twitter:card\" content=\"summary_large_image\" \/>\n<script type=\"application\/ld+json\" class=\"yoast-schema-graph\">{\"@context\":\"https:\/\/schema.org\",\"@graph\":[{\"@type\":\"WebPage\",\"@id\":\"https:\/\/intl.skingourmet.com\/fr\/produit\/coconut-bowl\/\",\"url\":\"https:\/\/intl.skingourmet.com\/fr\/produit\/coconut-bowl\/\",\"name\":\"Gourmet Coconut Bowl - Skin Gourmet International\",\"isPartOf\":{\"@id\":\"https:\/\/intl.skingourmet.com\/#website\"},\"primaryImageOfPage\":{\"@id\":\"https:\/\/intl.skingourmet.com\/fr\/produit\/coconut-bowl\/#primaryimage\"},\"image\":{\"@id\":\"https:\/\/intl.skingourmet.com\/fr\/produit\/coconut-bowl\/#primaryimage\"},\"thumbnailUrl\":\"https:\/\/intl.skingourmet.com\/wp-content\/uploads\/sites\/2\/2024\/11\/coconut-bowl.png\",\"datePublished\":\"2024-11-18T18:21:55+00:00\",\"dateModified\":\"2025-12-06T19:44:27+00:00\",\"breadcrumb\":{\"@id\":\"https:\/\/intl.skingourmet.com\/fr\/produit\/coconut-bowl\/#breadcrumb\"},\"inLanguage\":\"es\",\"potentialAction\":[{\"@type\":\"ReadAction\",\"target\":[\"https:\/\/intl.skingourmet.com\/fr\/produit\/coconut-bowl\/\"]}]},{\"@type\":\"ImageObject\",\"inLanguage\":\"es\",\"@id\":\"https:\/\/intl.skingourmet.com\/fr\/produit\/coconut-bowl\/#primaryimage\",\"url\":\"https:\/\/intl.skingourmet.com\/wp-content\/uploads\/sites\/2\/2024\/11\/coconut-bowl.png\",\"contentUrl\":\"https:\/\/intl.skingourmet.com\/wp-content\/uploads\/sites\/2\/2024\/11\/coconut-bowl.png\",\"width\":4371,\"height\":6270},{\"@type\":\"BreadcrumbList\",\"@id\":\"https:\/\/intl.skingourmet.com\/fr\/produit\/coconut-bowl\/#breadcrumb\",\"itemListElement\":[{\"@type\":\"ListItem\",\"position\":1,\"name\":\"Home\",\"item\":\"https:\/\/intl.skingourmet.com\/\"},{\"@type\":\"ListItem\",\"position\":2,\"name\":\"Shop\",\"item\":\"https:\/\/intl.skingourmet.com\/shop\/\"},{\"@type\":\"ListItem\",\"position\":3,\"name\":\"Gourmet Coconut Bowl\"}]},{\"@type\":\"WebSite\",\"@id\":\"https:\/\/intl.skingourmet.com\/#website\",\"url\":\"https:\/\/intl.skingourmet.com\/\",\"name\":\"Skin Gourmet International\",\"description\":\"Raw Edible Skincare Sourced From The Wild\",\"publisher\":{\"@id\":\"https:\/\/intl.skingourmet.com\/#organization\"},\"potentialAction\":[{\"@type\":\"SearchAction\",\"target\":{\"@type\":\"EntryPoint\",\"urlTemplate\":\"https:\/\/intl.skingourmet.com\/?s={search_term_string}\"},\"query-input\":{\"@type\":\"PropertyValueSpecification\",\"valueRequired\":true,\"valueName\":\"search_term_string\"}}],\"inLanguage\":\"es\"},{\"@type\":\"Organization\",\"@id\":\"https:\/\/intl.skingourmet.com\/#organization\",\"name\":\"Skin Gourmet International\",\"url\":\"https:\/\/intl.skingourmet.com\/\",\"logo\":{\"@type\":\"ImageObject\",\"inLanguage\":\"es\",\"@id\":\"https:\/\/intl.skingourmet.com\/#\/schema\/logo\/image\/\",\"url\":\"https:\/\/intl.skingourmet.com\/wp-content\/uploads\/sites\/2\/2024\/09\/logo.webp\",\"contentUrl\":\"https:\/\/intl.skingourmet.com\/wp-content\/uploads\/sites\/2\/2024\/09\/logo.webp\",\"width\":688,\"height\":200,\"caption\":\"Skin Gourmet International\"},\"image\":{\"@id\":\"https:\/\/intl.skingourmet.com\/#\/schema\/logo\/image\/\"}}]}<\/script>\n<!-- \/ Yoast SEO plugin. -->","yoast_head_json":{"title":"Gourmet Coconut Bowl - Skin Gourmet International","robots":{"index":"index","follow":"follow","max-snippet":"max-snippet:-1","max-image-preview":"max-image-preview:large","max-video-preview":"max-video-preview:-1"},"canonical":"https:\/\/intl.skingourmet.com\/es\/produit\/coconut-bowl\/","og_locale":"es_ES","og_type":"article","og_title":"Gourmet Coconut Bowl - Skin Gourmet International","og_description":"Our Coconut Bowl is handcrafted from real, reclaimed coconut shells \u2014 upcycled from nature and polished to perfection. Each bowl is uniquely shaped by the earth, making it one of a kind \u2014 just like your skin ritual. Use it to mix your favorite Skin Gourmet butters, scrubs, and masks, or as a stylish way to serve edible products like our raw cocoa or coconut oil. It\u2019s also perfect for smoothies, fruits, and salads \u2014 because skincare starts from within.","og_url":"https:\/\/intl.skingourmet.com\/es\/produit\/coconut-bowl\/","og_site_name":"Skin Gourmet International","article_modified_time":"2025-12-06T19:44:27+00:00","og_image":[{"width":714,"height":1024,"url":"https:\/\/intl.skingourmet.com\/wp-content\/uploads\/sites\/2\/2024\/11\/coconut-bowl-714x1024.png","type":"image\/png"}],"twitter_card":"summary_large_image","schema":{"@context":"https:\/\/schema.org","@graph":[{"@type":"WebPage","@id":"https:\/\/intl.skingourmet.com\/fr\/produit\/coconut-bowl\/","url":"https:\/\/intl.skingourmet.com\/fr\/produit\/coconut-bowl\/","name":"Gourmet Coconut Bowl - Skin Gourmet International","isPartOf":{"@id":"https:\/\/intl.skingourmet.com\/#website"},"primaryImageOfPage":{"@id":"https:\/\/intl.skingourmet.com\/fr\/produit\/coconut-bowl\/#primaryimage"},"image":{"@id":"https:\/\/intl.skingourmet.com\/fr\/produit\/coconut-bowl\/#primaryimage"},"thumbnailUrl":"https:\/\/intl.skingourmet.com\/wp-content\/uploads\/sites\/2\/2024\/11\/coconut-bowl.png","datePublished":"2024-11-18T18:21:55+00:00","dateModified":"2025-12-06T19:44:27+00:00","breadcrumb":{"@id":"https:\/\/intl.skingourmet.com\/fr\/produit\/coconut-bowl\/#breadcrumb"},"inLanguage":"es","potentialAction":[{"@type":"ReadAction","target":["https:\/\/intl.skingourmet.com\/fr\/produit\/coconut-bowl\/"]}]},{"@type":"ImageObject","inLanguage":"es","@id":"https:\/\/intl.skingourmet.com\/fr\/produit\/coconut-bowl\/#primaryimage","url":"https:\/\/intl.skingourmet.com\/wp-content\/uploads\/sites\/2\/2024\/11\/coconut-bowl.png","contentUrl":"https:\/\/intl.skingourmet.com\/wp-content\/uploads\/sites\/2\/2024\/11\/coconut-bowl.png","width":4371,"height":6270},{"@type":"BreadcrumbList","@id":"https:\/\/intl.skingourmet.com\/fr\/produit\/coconut-bowl\/#breadcrumb","itemListElement":[{"@type":"ListItem","position":1,"name":"Home","item":"https:\/\/intl.skingourmet.com\/"},{"@type":"ListItem","position":2,"name":"Shop","item":"https:\/\/intl.skingourmet.com\/shop\/"},{"@type":"ListItem","position":3,"name":"Gourmet Coconut Bowl"}]},{"@type":"WebSite","@id":"https:\/\/intl.skingourmet.com\/#website","url":"https:\/\/intl.skingourmet.com\/","name":"Skin Gourmet Internacional","description":"Cuidado de la piel crudo y comestible de origen silvestre","publisher":{"@id":"https:\/\/intl.skingourmet.com\/#organization"},"potentialAction":[{"@type":"SearchAction","target":{"@type":"EntryPoint","urlTemplate":"https:\/\/intl.skingourmet.com\/?s={search_term_string}"},"query-input":{"@type":"PropertyValueSpecification","valueRequired":true,"valueName":"search_term_string"}}],"inLanguage":"es"},{"@type":"Organization","@id":"https:\/\/intl.skingourmet.com\/#organization","name":"Skin Gourmet Internacional","url":"https:\/\/intl.skingourmet.com\/","logo":{"@type":"ImageObject","inLanguage":"es","@id":"https:\/\/intl.skingourmet.com\/#\/schema\/logo\/image\/","url":"https:\/\/intl.skingourmet.com\/wp-content\/uploads\/sites\/2\/2024\/09\/logo.webp","contentUrl":"https:\/\/intl.skingourmet.com\/wp-content\/uploads\/sites\/2\/2024\/09\/logo.webp","width":688,"height":200,"caption":"Skin Gourmet International"},"image":{"@id":"https:\/\/intl.skingourmet.com\/#\/schema\/logo\/image\/"}}]}},"_links":{"self":[{"href":"https:\/\/intl.skingourmet.com\/es\/wp-json\/wp\/v2\/product\/930","targetHints":{"allow":["GET"]}}],"collection":[{"href":"https:\/\/intl.skingourmet.com\/es\/wp-json\/wp\/v2\/product"}],"about":[{"href":"https:\/\/intl.skingourmet.com\/es\/wp-json\/wp\/v2\/types\/product"}],"replies":[{"embeddable":true,"href":"https:\/\/intl.skingourmet.com\/es\/wp-json\/wp\/v2\/comments?post=930"}],"wp:featuredmedia":[{"embeddable":true,"href":"https:\/\/intl.skingourmet.com\/es\/wp-json\/wp\/v2\/media\/933"}],"wp:attachment":[{"href":"https:\/\/intl.skingourmet.com\/es\/wp-json\/wp\/v2\/media?parent=930"}],"wp:term":[{"taxonomy":"product_brand","embeddable":true,"href":"https:\/\/intl.skingourmet.com\/es\/wp-json\/wp\/v2\/product_brand?post=930"},{"taxonomy":"product_cat","embeddable":true,"href":"https:\/\/intl.skingourmet.com\/es\/wp-json\/wp\/v2\/product_cat?post=930"},{"taxonomy":"product_tag","embeddable":true,"href":"https:\/\/intl.skingourmet.com\/es\/wp-json\/wp\/v2\/product_tag?post=930"}],"curies":[{"name":"wp","href":"https:\/\/api.w.org\/{rel}","templated":true}]}}