{"id":526,"date":"2024-10-26T15:16:35","date_gmt":"2024-10-26T15:16:35","guid":{"rendered":"https:\/\/intl.skingourmet.com\/?page_id=526"},"modified":"2024-10-26T15:21:44","modified_gmt":"2024-10-26T15:21:44","slug":"return-policy","status":"publish","type":"page","link":"https:\/\/intl.skingourmet.com\/fr\/return-policy\/","title":{"rendered":"Politique de retour"},"content":{"rendered":"<div data-elementor-type=\"wp-page\" data-elementor-id=\"526\" class=\"elementor elementor-526\" data-elementor-post-type=\"page\">\n\t\t\t\t<div class=\"elementor-element elementor-element-bcb0b92 e-con-full e-flex e-con e-parent\" data-id=\"bcb0b92\" data-element_type=\"container\" data-e-type=\"container\" data-settings=\"{&quot;background_background&quot;:&quot;classic&quot;}\">\n\t\t<div class=\"elementor-element elementor-element-58dd2b7 e-con-full e-flex e-con e-child\" data-id=\"58dd2b7\" data-element_type=\"container\" data-e-type=\"container\" data-settings=\"{&quot;background_background&quot;:&quot;classic&quot;}\">\n\t\t\t\t<\/div>\n\t\t\t\t<\/div>\n\t\t<div class=\"elementor-element elementor-element-b71e04c e-con-full e-flex e-con e-parent\" data-id=\"b71e04c\" data-element_type=\"container\" data-e-type=\"container\">\n\t\t\t\t<div class=\"elementor-element elementor-element-38c8c23 elementor-widget elementor-widget-heading\" data-id=\"38c8c23\" data-element_type=\"widget\" data-e-type=\"widget\" data-widget_type=\"heading.default\">\n\t\t\t\t<div class=\"elementor-widget-container\">\n\t\t\t\t\t<h3 class=\"elementor-heading-title elementor-size-default\">Politique de retour<\/h3>\t\t\t\t<\/div>\n\t\t\t\t<\/div>\n\t\t\t\t<div class=\"elementor-element elementor-element-76bce3f elementor-widget elementor-widget-text-editor\" data-id=\"76bce3f\" data-element_type=\"widget\" data-e-type=\"widget\" data-widget_type=\"text-editor.default\">\n\t\t\t\t<div class=\"elementor-widget-container\">\n\t\t\t\t\t\t\t\t\t<p>Nous proc\u00e9dons \u00e0 un \u00e9change sans reproche pour autant que le malentendu vienne de nous. Nous rembourserons le montant pay\u00e9 pour les produits, moins les frais de livraison, si le client a un probl\u00e8me avec nos produits.<\/p>\t\t\t\t\t\t\t\t<\/div>\n\t\t\t\t<\/div>\n\t\t\t\t<\/div>\n\t\t\t\t<\/div>","protected":false},"excerpt":{"rendered":"<p>Politique de retour Nous proc\u00e9dons \u00e0 un \u00e9change sans reproche pour autant que le malentendu vienne de nous. Nous rembourserons le montant pay\u00e9 pour les produits, moins les frais de livraison, si le client a un probl\u00e8me avec nos produits.<\/p>","protected":false},"author":1,"featured_media":0,"parent":0,"menu_order":0,"comment_status":"closed","ping_status":"closed","template":"","meta":{"_acf_changed":false,"footnotes":""},"class_list":["post-526","page","type-page","status-publish","hentry"],"acf":[],"yoast_head":"<!-- This site is optimized with the Yoast SEO plugin v27.2 - https:\/\/yoast.com\/product\/yoast-seo-wordpress\/ -->\n<title>Return Policy - Skin Gourmet International<\/title>\n<meta name=\"robots\" content=\"index, follow, max-snippet:-1, max-image-preview:large, max-video-preview:-1\" \/>\n<link rel=\"canonical\" href=\"https:\/\/intl.skingourmet.com\/fr\/return-policy\/\" \/>\n<meta property=\"og:locale\" content=\"fr_FR\" \/>\n<meta property=\"og:type\" content=\"article\" \/>\n<meta property=\"og:title\" content=\"Return Policy - Skin Gourmet International\" \/>\n<meta property=\"og:description\" content=\"Return Policy We exchange without blame as long as the misunderstanding came from our end. We will refund the payment amount for the products less the delivery charge if the client has any issue with our products.\" \/>\n<meta property=\"og:url\" content=\"https:\/\/intl.skingourmet.com\/fr\/return-policy\/\" \/>\n<meta property=\"og:site_name\" content=\"Skin Gourmet International\" \/>\n<meta property=\"article:modified_time\" content=\"2024-10-26T15:21:44+00:00\" \/>\n<meta name=\"twitter:card\" content=\"summary_large_image\" \/>\n<script type=\"application\/ld+json\" class=\"yoast-schema-graph\">{\"@context\":\"https:\/\/schema.org\",\"@graph\":[{\"@type\":\"WebPage\",\"@id\":\"https:\/\/intl.skingourmet.com\/fr\/return-policy\/\",\"url\":\"https:\/\/intl.skingourmet.com\/fr\/return-policy\/\",\"name\":\"Return Policy - Skin Gourmet International\",\"isPartOf\":{\"@id\":\"https:\/\/intl.skingourmet.com\/#website\"},\"datePublished\":\"2024-10-26T15:16:35+00:00\",\"dateModified\":\"2024-10-26T15:21:44+00:00\",\"breadcrumb\":{\"@id\":\"https:\/\/intl.skingourmet.com\/fr\/return-policy\/#breadcrumb\"},\"inLanguage\":\"fr-FR\",\"potentialAction\":[{\"@type\":\"ReadAction\",\"target\":[\"https:\/\/intl.skingourmet.com\/fr\/return-policy\/\"]}]},{\"@type\":\"BreadcrumbList\",\"@id\":\"https:\/\/intl.skingourmet.com\/fr\/return-policy\/#breadcrumb\",\"itemListElement\":[{\"@type\":\"ListItem\",\"position\":1,\"name\":\"Home\",\"item\":\"https:\/\/intl.skingourmet.com\/\"},{\"@type\":\"ListItem\",\"position\":2,\"name\":\"Return Policy\"}]},{\"@type\":\"WebSite\",\"@id\":\"https:\/\/intl.skingourmet.com\/#website\",\"url\":\"https:\/\/intl.skingourmet.com\/\",\"name\":\"Skin Gourmet International\",\"description\":\"Raw Edible Skincare Sourced From The Wild\",\"publisher\":{\"@id\":\"https:\/\/intl.skingourmet.com\/#organization\"},\"potentialAction\":[{\"@type\":\"SearchAction\",\"target\":{\"@type\":\"EntryPoint\",\"urlTemplate\":\"https:\/\/intl.skingourmet.com\/?s={search_term_string}\"},\"query-input\":{\"@type\":\"PropertyValueSpecification\",\"valueRequired\":true,\"valueName\":\"search_term_string\"}}],\"inLanguage\":\"fr-FR\"},{\"@type\":\"Organization\",\"@id\":\"https:\/\/intl.skingourmet.com\/#organization\",\"name\":\"Skin Gourmet International\",\"url\":\"https:\/\/intl.skingourmet.com\/\",\"logo\":{\"@type\":\"ImageObject\",\"inLanguage\":\"fr-FR\",\"@id\":\"https:\/\/intl.skingourmet.com\/#\/schema\/logo\/image\/\",\"url\":\"https:\/\/intl.skingourmet.com\/wp-content\/uploads\/sites\/2\/2024\/09\/logo.webp\",\"contentUrl\":\"https:\/\/intl.skingourmet.com\/wp-content\/uploads\/sites\/2\/2024\/09\/logo.webp\",\"width\":688,\"height\":200,\"caption\":\"Skin Gourmet International\"},\"image\":{\"@id\":\"https:\/\/intl.skingourmet.com\/#\/schema\/logo\/image\/\"}}]}<\/script>\n<!-- \/ Yoast SEO plugin. -->","yoast_head_json":{"title":"Politique de retour - Skin Gourmet International","robots":{"index":"index","follow":"follow","max-snippet":"max-snippet:-1","max-image-preview":"max-image-preview:large","max-video-preview":"max-video-preview:-1"},"canonical":"https:\/\/intl.skingourmet.com\/fr\/return-policy\/","og_locale":"fr_FR","og_type":"article","og_title":"Return Policy - Skin Gourmet International","og_description":"Return Policy We exchange without blame as long as the misunderstanding came from our end. We will refund the payment amount for the products less the delivery charge if the client has any issue with our products.","og_url":"https:\/\/intl.skingourmet.com\/fr\/return-policy\/","og_site_name":"Skin Gourmet International","article_modified_time":"2024-10-26T15:21:44+00:00","twitter_card":"summary_large_image","schema":{"@context":"https:\/\/schema.org","@graph":[{"@type":"WebPage","@id":"https:\/\/intl.skingourmet.com\/fr\/return-policy\/","url":"https:\/\/intl.skingourmet.com\/fr\/return-policy\/","name":"Politique de retour - Skin Gourmet International","isPartOf":{"@id":"https:\/\/intl.skingourmet.com\/#website"},"datePublished":"2024-10-26T15:16:35+00:00","dateModified":"2024-10-26T15:21:44+00:00","breadcrumb":{"@id":"https:\/\/intl.skingourmet.com\/fr\/return-policy\/#breadcrumb"},"inLanguage":"fr-FR","potentialAction":[{"@type":"ReadAction","target":["https:\/\/intl.skingourmet.com\/fr\/return-policy\/"]}]},{"@type":"BreadcrumbList","@id":"https:\/\/intl.skingourmet.com\/fr\/return-policy\/#breadcrumb","itemListElement":[{"@type":"ListItem","position":1,"name":"Home","item":"https:\/\/intl.skingourmet.com\/"},{"@type":"ListItem","position":2,"name":"Return Policy"}]},{"@type":"WebSite","@id":"https:\/\/intl.skingourmet.com\/#website","url":"https:\/\/intl.skingourmet.com\/","name":"Skin Gourmet International","description":"Soins de la peau \u00e0 base de produits comestibles bruts provenant de la nature","publisher":{"@id":"https:\/\/intl.skingourmet.com\/#organization"},"potentialAction":[{"@type":"SearchAction","target":{"@type":"EntryPoint","urlTemplate":"https:\/\/intl.skingourmet.com\/?s={search_term_string}"},"query-input":{"@type":"PropertyValueSpecification","valueRequired":true,"valueName":"search_term_string"}}],"inLanguage":"fr-FR"},{"@type":"Organization","@id":"https:\/\/intl.skingourmet.com\/#organization","name":"Skin Gourmet International","url":"https:\/\/intl.skingourmet.com\/","logo":{"@type":"ImageObject","inLanguage":"fr-FR","@id":"https:\/\/intl.skingourmet.com\/#\/schema\/logo\/image\/","url":"https:\/\/intl.skingourmet.com\/wp-content\/uploads\/sites\/2\/2024\/09\/logo.webp","contentUrl":"https:\/\/intl.skingourmet.com\/wp-content\/uploads\/sites\/2\/2024\/09\/logo.webp","width":688,"height":200,"caption":"Skin Gourmet International"},"image":{"@id":"https:\/\/intl.skingourmet.com\/#\/schema\/logo\/image\/"}}]}},"_links":{"self":[{"href":"https:\/\/intl.skingourmet.com\/fr\/wp-json\/wp\/v2\/pages\/526","targetHints":{"allow":["GET"]}}],"collection":[{"href":"https:\/\/intl.skingourmet.com\/fr\/wp-json\/wp\/v2\/pages"}],"about":[{"href":"https:\/\/intl.skingourmet.com\/fr\/wp-json\/wp\/v2\/types\/page"}],"author":[{"embeddable":true,"href":"https:\/\/intl.skingourmet.com\/fr\/wp-json\/wp\/v2\/users\/1"}],"replies":[{"embeddable":true,"href":"https:\/\/intl.skingourmet.com\/fr\/wp-json\/wp\/v2\/comments?post=526"}],"version-history":[{"count":7,"href":"https:\/\/intl.skingourmet.com\/fr\/wp-json\/wp\/v2\/pages\/526\/revisions"}],"predecessor-version":[{"id":540,"href":"https:\/\/intl.skingourmet.com\/fr\/wp-json\/wp\/v2\/pages\/526\/revisions\/540"}],"wp:attachment":[{"href":"https:\/\/intl.skingourmet.com\/fr\/wp-json\/wp\/v2\/media?parent=526"}],"curies":[{"name":"wp","href":"https:\/\/api.w.org\/{rel}","templated":true}]}}