{"id":749,"date":"2024-11-13T11:41:44","date_gmt":"2024-11-13T11:41:44","guid":{"rendered":"https:\/\/intl.skingourmet.com\/?page_id=749"},"modified":"2024-11-16T20:09:49","modified_gmt":"2024-11-16T20:09:49","slug":"our-impact","status":"publish","type":"page","link":"https:\/\/intl.skingourmet.com\/fr\/our-impact\/","title":{"rendered":"Notre impact"},"content":{"rendered":"<div data-elementor-type=\"wp-page\" data-elementor-id=\"749\" class=\"elementor elementor-749\" data-elementor-post-type=\"page\">\n\t\t\t\t<div class=\"elementor-element elementor-element-8dd7315 e-con-full e-flex e-con e-parent\" data-id=\"8dd7315\" data-element_type=\"container\" data-e-type=\"container\">\n\t\t\t\t<div class=\"elementor-element elementor-element-afbdb61 elementor-widget elementor-widget-heading\" data-id=\"afbdb61\" data-element_type=\"widget\" data-e-type=\"widget\" data-widget_type=\"heading.default\">\n\t\t\t\t<div class=\"elementor-widget-container\">\n\t\t\t\t\t<h1 class=\"elementor-heading-title elementor-size-default\">Notre impact<\/h1>\t\t\t\t<\/div>\n\t\t\t\t<\/div>\n\t\t<div class=\"elementor-element elementor-element-6aa5a3b e-con-full e-flex e-con e-child\" data-id=\"6aa5a3b\" data-element_type=\"container\" data-e-type=\"container\">\n\t\t<div class=\"elementor-element elementor-element-33cec3f e-con-full e-flex e-con e-child\" data-id=\"33cec3f\" data-element_type=\"container\" data-e-type=\"container\">\n\t\t<div class=\"elementor-element elementor-element-6000b67 e-con-full e-flex e-con e-child\" data-id=\"6000b67\" data-element_type=\"container\" data-e-type=\"container\" data-settings=\"{&quot;background_background&quot;:&quot;classic&quot;}\">\n\t\t\t\t<\/div>\n\t\t<div class=\"elementor-element elementor-element-80b5449 e-con-full e-flex e-con e-child\" data-id=\"80b5449\" data-element_type=\"container\" data-e-type=\"container\" data-settings=\"{&quot;background_background&quot;:&quot;classic&quot;}\">\n\t\t\t\t<div class=\"elementor-element elementor-element-acaa638 elementor-widget elementor-widget-counter\" data-id=\"acaa638\" data-element_type=\"widget\" data-e-type=\"widget\" data-widget_type=\"counter.default\">\n\t\t\t\t<div class=\"elementor-widget-container\">\n\t\t\t\t\t\t\t<div class=\"elementor-counter\">\n\t\t\t\t\t\t<div class=\"elementor-counter-number-wrapper\">\n\t\t\t\t<span class=\"elementor-counter-number-prefix\"><\/span>\n\t\t\t\t<span class=\"elementor-counter-number\" data-duration=\"2000\" data-to-value=\"50\" data-from-value=\"0\" data-delimiter=\",\">0<\/span>\n\t\t\t\t<span class=\"elementor-counter-number-suffix\">%<\/span>\n\t\t\t<\/div>\n\t\t<\/div>\n\t\t\t\t\t\t<\/div>\n\t\t\t\t<\/div>\n\t\t\t\t<div class=\"elementor-element elementor-element-04a8196 elementor-widget elementor-widget-icon-box\" data-id=\"04a8196\" data-element_type=\"widget\" data-e-type=\"widget\" data-widget_type=\"icon-box.default\">\n\t\t\t\t<div class=\"elementor-widget-container\">\n\t\t\t\t\t\t\t<div class=\"elementor-icon-box-wrapper\">\n\n\t\t\t\n\t\t\t\t\t\t<div class=\"elementor-icon-box-content\">\n\n\t\t\t\t\t\t\t\t\t<h3 class=\"elementor-icon-box-title\">\n\t\t\t\t\t\t<span  >\n\t\t\t\t\t\t\tR\u00e9gions rurales Bas\u00e9 sur\t\t\t\t\t\t<\/span>\n\t\t\t\t\t<\/h3>\n\t\t\t\t\n\t\t\t\t\t\t\t\t\t<p class=\"elementor-icon-box-description\">\n\t\t\t\t\t\tCes postes permettent d'offrir un travail digne et stable qui r\u00e9duit la n\u00e9cessit\u00e9 pour les jeunes de migrer vers les villes, ce qui permet aux communaut\u00e9s de rester connect\u00e9es et autonomes.\t\t\t\t\t<\/p>\n\t\t\t\t\n\t\t\t<\/div>\n\t\t\t\n\t\t<\/div>\n\t\t\t\t\t\t<\/div>\n\t\t\t\t<\/div>\n\t\t\t\t<\/div>\n\t\t<div class=\"elementor-element elementor-element-9d97a25 e-con-full e-flex e-con e-child\" data-id=\"9d97a25\" data-element_type=\"container\" data-e-type=\"container\" data-settings=\"{&quot;background_background&quot;:&quot;classic&quot;}\">\n\t\t\t\t<\/div>\n\t\t\t\t<\/div>\n\t\t<div class=\"elementor-element elementor-element-037bcee e-con-full e-flex e-con e-child\" data-id=\"037bcee\" data-element_type=\"container\" data-e-type=\"container\">\n\t\t<div class=\"elementor-element elementor-element-53dacf0 e-con-full e-flex e-con e-child\" data-id=\"53dacf0\" data-element_type=\"container\" data-e-type=\"container\" data-settings=\"{&quot;background_background&quot;:&quot;classic&quot;}\">\n\t\t\t\t<div class=\"elementor-element elementor-element-ea12e0d elementor-widget elementor-widget-counter\" data-id=\"ea12e0d\" data-element_type=\"widget\" data-e-type=\"widget\" data-widget_type=\"counter.default\">\n\t\t\t\t<div class=\"elementor-widget-container\">\n\t\t\t\t\t\t\t<div class=\"elementor-counter\">\n\t\t\t\t\t\t<div class=\"elementor-counter-number-wrapper\">\n\t\t\t\t<span class=\"elementor-counter-number-prefix\"><\/span>\n\t\t\t\t<span class=\"elementor-counter-number\" data-duration=\"2000\" data-to-value=\"9\" data-from-value=\"0\" data-delimiter=\",\">0<\/span>\n\t\t\t\t<span class=\"elementor-counter-number-suffix\">k+<\/span>\n\t\t\t<\/div>\n\t\t<\/div>\n\t\t\t\t\t\t<\/div>\n\t\t\t\t<\/div>\n\t\t\t\t<div class=\"elementor-element elementor-element-8435851 elementor-widget elementor-widget-icon-box\" data-id=\"8435851\" data-element_type=\"widget\" data-e-type=\"widget\" data-widget_type=\"icon-box.default\">\n\t\t\t\t<div class=\"elementor-widget-container\">\n\t\t\t\t\t\t\t<div class=\"elementor-icon-box-wrapper\">\n\n\t\t\t\n\t\t\t\t\t\t<div class=\"elementor-icon-box-content\">\n\n\t\t\t\t\t\t\t\t\t<h2 class=\"elementor-icon-box-title\">\n\t\t\t\t\t\t<span  >\n\t\t\t\t\t\t\tEmplois soutenus\t\t\t\t\t\t<\/span>\n\t\t\t\t\t<\/h2>\n\t\t\t\t\n\t\t\t\t\t\t\t\t\t<p class=\"elementor-icon-box-description\">\n\t\t\t\t\t\tNotre \u00e9quipe se consacre \u00e0 la cr\u00e9ation d'emplois int\u00e9ressants, en particulier dans les zones rurales o\u00f9 le travail peut \u00eatre rare.\t\t\t\t\t<\/p>\n\t\t\t\t\n\t\t\t<\/div>\n\t\t\t\n\t\t<\/div>\n\t\t\t\t\t\t<\/div>\n\t\t\t\t<\/div>\n\t\t\t\t<\/div>\n\t\t<div class=\"elementor-element elementor-element-2c221b2 e-con-full e-flex e-con e-child\" data-id=\"2c221b2\" data-element_type=\"container\" data-e-type=\"container\" data-settings=\"{&quot;background_background&quot;:&quot;classic&quot;}\">\n\t\t\t\t<\/div>\n\t\t<div class=\"elementor-element elementor-element-e4e8735 e-con-full e-flex e-con e-child\" data-id=\"e4e8735\" data-element_type=\"container\" data-e-type=\"container\" data-settings=\"{&quot;background_background&quot;:&quot;classic&quot;}\">\n\t\t\t\t<div class=\"elementor-element elementor-element-7d0d14a elementor-widget elementor-widget-counter\" data-id=\"7d0d14a\" data-element_type=\"widget\" data-e-type=\"widget\" data-widget_type=\"counter.default\">\n\t\t\t\t<div class=\"elementor-widget-container\">\n\t\t\t\t\t\t\t<div class=\"elementor-counter\">\n\t\t\t\t\t\t<div class=\"elementor-counter-number-wrapper\">\n\t\t\t\t<span class=\"elementor-counter-number-prefix\"><\/span>\n\t\t\t\t<span class=\"elementor-counter-number\" data-duration=\"2000\" data-to-value=\"30\" data-from-value=\"0\" data-delimiter=\",\">0<\/span>\n\t\t\t\t<span class=\"elementor-counter-number-suffix\">+<\/span>\n\t\t\t<\/div>\n\t\t<\/div>\n\t\t\t\t\t\t<\/div>\n\t\t\t\t<\/div>\n\t\t\t\t<div class=\"elementor-element elementor-element-9e38600 elementor-widget elementor-widget-icon-box\" data-id=\"9e38600\" data-element_type=\"widget\" data-e-type=\"widget\" data-widget_type=\"icon-box.default\">\n\t\t\t\t<div class=\"elementor-widget-container\">\n\t\t\t\t\t\t\t<div class=\"elementor-icon-box-wrapper\">\n\n\t\t\t\n\t\t\t\t\t\t<div class=\"elementor-icon-box-content\">\n\n\t\t\t\t\t\t\t\t\t<h2 class=\"elementor-icon-box-title\">\n\t\t\t\t\t\t<span  >\n\t\t\t\t\t\t\tPays\t\t\t\t\t\t<\/span>\n\t\t\t\t\t<\/h2>\n\t\t\t\t\n\t\t\t\t\t\t\t\t\t<p class=\"elementor-icon-box-description\">\n\t\t\t\t\t\tEn rendant les soins de la peau\ndans le monde entier,\nnous diffusons les avantages d'une\nde la beaut\u00e9 durable.\t\t\t\t\t<\/p>\n\t\t\t\t\n\t\t\t<\/div>\n\t\t\t\n\t\t<\/div>\n\t\t\t\t\t\t<\/div>\n\t\t\t\t<\/div>\n\t\t\t\t<\/div>\n\t\t\t\t<\/div>\n\t\t<div class=\"elementor-element elementor-element-107228c e-con-full e-flex e-con e-child\" data-id=\"107228c\" data-element_type=\"container\" data-e-type=\"container\">\n\t\t<div class=\"elementor-element elementor-element-4ad36c8 e-con-full e-flex e-con e-child\" data-id=\"4ad36c8\" data-element_type=\"container\" data-e-type=\"container\" data-settings=\"{&quot;background_background&quot;:&quot;classic&quot;}\">\n\t\t\t\t<\/div>\n\t\t<div class=\"elementor-element elementor-element-fd2fbd6 e-con-full e-flex e-con e-child\" data-id=\"fd2fbd6\" data-element_type=\"container\" data-e-type=\"container\" data-settings=\"{&quot;background_background&quot;:&quot;classic&quot;}\">\n\t\t\t\t<div class=\"elementor-element elementor-element-2af7925 elementor-widget elementor-widget-counter\" data-id=\"2af7925\" data-element_type=\"widget\" data-e-type=\"widget\" data-widget_type=\"counter.default\">\n\t\t\t\t<div class=\"elementor-widget-container\">\n\t\t\t\t\t\t\t<div class=\"elementor-counter\">\n\t\t\t\t\t\t<div class=\"elementor-counter-number-wrapper\">\n\t\t\t\t<span class=\"elementor-counter-number-prefix\"><\/span>\n\t\t\t\t<span class=\"elementor-counter-number\" data-duration=\"2000\" data-to-value=\"50\" data-from-value=\"30\" data-delimiter=\",\">30<\/span>\n\t\t\t\t<span class=\"elementor-counter-number-suffix\">%<\/span>\n\t\t\t<\/div>\n\t\t<\/div>\n\t\t\t\t\t\t<\/div>\n\t\t\t\t<\/div>\n\t\t\t\t<div class=\"elementor-element elementor-element-e9c7169 elementor-widget elementor-widget-icon-box\" data-id=\"e9c7169\" data-element_type=\"widget\" data-e-type=\"widget\" data-widget_type=\"icon-box.default\">\n\t\t\t\t<div class=\"elementor-widget-container\">\n\t\t\t\t\t\t\t<div class=\"elementor-icon-box-wrapper\">\n\n\t\t\t\n\t\t\t\t\t\t<div class=\"elementor-icon-box-content\">\n\n\t\t\t\t\t\t\t\t\t<h3 class=\"elementor-icon-box-title\">\n\t\t\t\t\t\t<span  >\n\t\t\t\t\t\t\tBeurre de karit\u00e9 Premium\t\t\t\t\t\t<\/span>\n\t\t\t\t\t<\/h3>\n\t\t\t\t\n\t\t\t\t\t\t\t\t\t<p class=\"elementor-icon-box-description\">\n\t\t\t\t\t\tL'une des r\u00e9alisations dont nous sommes le plus fiers est d'avoir aid\u00e9 une coop\u00e9rative de 113 femmes du nord du Ghana \u00e0 obtenir une certification biologique.\t\t\t\t\t<\/p>\n\t\t\t\t\n\t\t\t<\/div>\n\t\t\t\n\t\t<\/div>\n\t\t\t\t\t\t<\/div>\n\t\t\t\t<\/div>\n\t\t\t\t<\/div>\n\t\t<div class=\"elementor-element elementor-element-f52284a e-con-full e-flex e-con e-child\" data-id=\"f52284a\" data-element_type=\"container\" data-e-type=\"container\" data-settings=\"{&quot;background_background&quot;:&quot;classic&quot;}\">\n\t\t\t\t<\/div>\n\t\t\t\t<\/div>\n\t\t\t\t<\/div>\n\t\t\t\t<\/div>\n\t\t\t\t<\/div>","protected":false},"excerpt":{"rendered":"<p>0 % Rural Regions Based These positions help provide dignified, stable work that reduces the need for young people to migrate to cities, keeping communities connected and empowered. 0 k+ Jobs Supported Our team is dedicated to creating meaningful job opportunities, especially in rural areas where work can be scarce. 0 + Countries By making<a href=\"https:\/\/intl.skingourmet.com\/fr\/our-impact\/\">Poursuivre la lecture <span class=\"sr-only\">&#8220;Our Impact&#8221;<\/span><\/a><\/p>","protected":false},"author":1,"featured_media":0,"parent":0,"menu_order":0,"comment_status":"closed","ping_status":"closed","template":"","meta":{"_acf_changed":false,"footnotes":""},"class_list":["post-749","page","type-page","status-publish","hentry"],"acf":[],"yoast_head":"<!-- This site is optimized with the Yoast SEO plugin v27.2 - https:\/\/yoast.com\/product\/yoast-seo-wordpress\/ -->\n<title>Our Impact - Skin Gourmet International<\/title>\n<meta name=\"robots\" content=\"index, follow, max-snippet:-1, max-image-preview:large, max-video-preview:-1\" \/>\n<link rel=\"canonical\" href=\"https:\/\/intl.skingourmet.com\/fr\/our-impact\/\" \/>\n<meta property=\"og:locale\" content=\"fr_FR\" \/>\n<meta property=\"og:type\" content=\"article\" \/>\n<meta property=\"og:title\" content=\"Our Impact - Skin Gourmet International\" \/>\n<meta property=\"og:description\" content=\"0 % Rural Regions Based These positions help provide dignified, stable work that reduces the need for young people to migrate to cities, keeping communities connected and empowered. 0 k+ Jobs Supported Our team is dedicated to creating meaningful job opportunities, especially in rural areas where work can be scarce. 0 + Countries By makingContinue reading &quot;Our Impact&quot;\" \/>\n<meta property=\"og:url\" content=\"https:\/\/intl.skingourmet.com\/fr\/our-impact\/\" \/>\n<meta property=\"og:site_name\" content=\"Skin Gourmet International\" \/>\n<meta property=\"article:modified_time\" content=\"2024-11-16T20:09:49+00:00\" \/>\n<meta name=\"twitter:card\" content=\"summary_large_image\" \/>\n<script type=\"application\/ld+json\" class=\"yoast-schema-graph\">{\"@context\":\"https:\/\/schema.org\",\"@graph\":[{\"@type\":\"WebPage\",\"@id\":\"https:\/\/intl.skingourmet.com\/fr\/our-impact\/\",\"url\":\"https:\/\/intl.skingourmet.com\/fr\/our-impact\/\",\"name\":\"Our Impact - Skin Gourmet International\",\"isPartOf\":{\"@id\":\"https:\/\/intl.skingourmet.com\/#website\"},\"datePublished\":\"2024-11-13T11:41:44+00:00\",\"dateModified\":\"2024-11-16T20:09:49+00:00\",\"breadcrumb\":{\"@id\":\"https:\/\/intl.skingourmet.com\/fr\/our-impact\/#breadcrumb\"},\"inLanguage\":\"fr-FR\",\"potentialAction\":[{\"@type\":\"ReadAction\",\"target\":[\"https:\/\/intl.skingourmet.com\/fr\/our-impact\/\"]}]},{\"@type\":\"BreadcrumbList\",\"@id\":\"https:\/\/intl.skingourmet.com\/fr\/our-impact\/#breadcrumb\",\"itemListElement\":[{\"@type\":\"ListItem\",\"position\":1,\"name\":\"Home\",\"item\":\"https:\/\/intl.skingourmet.com\/\"},{\"@type\":\"ListItem\",\"position\":2,\"name\":\"Our Impact\"}]},{\"@type\":\"WebSite\",\"@id\":\"https:\/\/intl.skingourmet.com\/#website\",\"url\":\"https:\/\/intl.skingourmet.com\/\",\"name\":\"Skin Gourmet International\",\"description\":\"Raw Edible Skincare Sourced From The Wild\",\"publisher\":{\"@id\":\"https:\/\/intl.skingourmet.com\/#organization\"},\"potentialAction\":[{\"@type\":\"SearchAction\",\"target\":{\"@type\":\"EntryPoint\",\"urlTemplate\":\"https:\/\/intl.skingourmet.com\/?s={search_term_string}\"},\"query-input\":{\"@type\":\"PropertyValueSpecification\",\"valueRequired\":true,\"valueName\":\"search_term_string\"}}],\"inLanguage\":\"fr-FR\"},{\"@type\":\"Organization\",\"@id\":\"https:\/\/intl.skingourmet.com\/#organization\",\"name\":\"Skin Gourmet International\",\"url\":\"https:\/\/intl.skingourmet.com\/\",\"logo\":{\"@type\":\"ImageObject\",\"inLanguage\":\"fr-FR\",\"@id\":\"https:\/\/intl.skingourmet.com\/#\/schema\/logo\/image\/\",\"url\":\"https:\/\/intl.skingourmet.com\/wp-content\/uploads\/sites\/2\/2024\/09\/logo.webp\",\"contentUrl\":\"https:\/\/intl.skingourmet.com\/wp-content\/uploads\/sites\/2\/2024\/09\/logo.webp\",\"width\":688,\"height\":200,\"caption\":\"Skin Gourmet International\"},\"image\":{\"@id\":\"https:\/\/intl.skingourmet.com\/#\/schema\/logo\/image\/\"}}]}<\/script>\n<!-- \/ Yoast SEO plugin. -->","yoast_head_json":{"title":"Our Impact - Skin Gourmet International","robots":{"index":"index","follow":"follow","max-snippet":"max-snippet:-1","max-image-preview":"max-image-preview:large","max-video-preview":"max-video-preview:-1"},"canonical":"https:\/\/intl.skingourmet.com\/fr\/our-impact\/","og_locale":"fr_FR","og_type":"article","og_title":"Our Impact - Skin Gourmet International","og_description":"0 % Rural Regions Based These positions help provide dignified, stable work that reduces the need for young people to migrate to cities, keeping communities connected and empowered. 0 k+ Jobs Supported Our team is dedicated to creating meaningful job opportunities, especially in rural areas where work can be scarce. 0 + Countries By makingContinue reading \"Our Impact\"","og_url":"https:\/\/intl.skingourmet.com\/fr\/our-impact\/","og_site_name":"Skin Gourmet International","article_modified_time":"2024-11-16T20:09:49+00:00","twitter_card":"summary_large_image","schema":{"@context":"https:\/\/schema.org","@graph":[{"@type":"WebPage","@id":"https:\/\/intl.skingourmet.com\/fr\/our-impact\/","url":"https:\/\/intl.skingourmet.com\/fr\/our-impact\/","name":"Our Impact - Skin Gourmet International","isPartOf":{"@id":"https:\/\/intl.skingourmet.com\/#website"},"datePublished":"2024-11-13T11:41:44+00:00","dateModified":"2024-11-16T20:09:49+00:00","breadcrumb":{"@id":"https:\/\/intl.skingourmet.com\/fr\/our-impact\/#breadcrumb"},"inLanguage":"fr-FR","potentialAction":[{"@type":"ReadAction","target":["https:\/\/intl.skingourmet.com\/fr\/our-impact\/"]}]},{"@type":"BreadcrumbList","@id":"https:\/\/intl.skingourmet.com\/fr\/our-impact\/#breadcrumb","itemListElement":[{"@type":"ListItem","position":1,"name":"Home","item":"https:\/\/intl.skingourmet.com\/"},{"@type":"ListItem","position":2,"name":"Our Impact"}]},{"@type":"WebSite","@id":"https:\/\/intl.skingourmet.com\/#website","url":"https:\/\/intl.skingourmet.com\/","name":"Skin Gourmet International","description":"Soins de la peau \u00e0 base de produits comestibles bruts provenant de la nature","publisher":{"@id":"https:\/\/intl.skingourmet.com\/#organization"},"potentialAction":[{"@type":"SearchAction","target":{"@type":"EntryPoint","urlTemplate":"https:\/\/intl.skingourmet.com\/?s={search_term_string}"},"query-input":{"@type":"PropertyValueSpecification","valueRequired":true,"valueName":"search_term_string"}}],"inLanguage":"fr-FR"},{"@type":"Organization","@id":"https:\/\/intl.skingourmet.com\/#organization","name":"Skin Gourmet International","url":"https:\/\/intl.skingourmet.com\/","logo":{"@type":"ImageObject","inLanguage":"fr-FR","@id":"https:\/\/intl.skingourmet.com\/#\/schema\/logo\/image\/","url":"https:\/\/intl.skingourmet.com\/wp-content\/uploads\/sites\/2\/2024\/09\/logo.webp","contentUrl":"https:\/\/intl.skingourmet.com\/wp-content\/uploads\/sites\/2\/2024\/09\/logo.webp","width":688,"height":200,"caption":"Skin Gourmet International"},"image":{"@id":"https:\/\/intl.skingourmet.com\/#\/schema\/logo\/image\/"}}]}},"_links":{"self":[{"href":"https:\/\/intl.skingourmet.com\/fr\/wp-json\/wp\/v2\/pages\/749","targetHints":{"allow":["GET"]}}],"collection":[{"href":"https:\/\/intl.skingourmet.com\/fr\/wp-json\/wp\/v2\/pages"}],"about":[{"href":"https:\/\/intl.skingourmet.com\/fr\/wp-json\/wp\/v2\/types\/page"}],"author":[{"embeddable":true,"href":"https:\/\/intl.skingourmet.com\/fr\/wp-json\/wp\/v2\/users\/1"}],"replies":[{"embeddable":true,"href":"https:\/\/intl.skingourmet.com\/fr\/wp-json\/wp\/v2\/comments?post=749"}],"version-history":[{"count":43,"href":"https:\/\/intl.skingourmet.com\/fr\/wp-json\/wp\/v2\/pages\/749\/revisions"}],"predecessor-version":[{"id":868,"href":"https:\/\/intl.skingourmet.com\/fr\/wp-json\/wp\/v2\/pages\/749\/revisions\/868"}],"wp:attachment":[{"href":"https:\/\/intl.skingourmet.com\/fr\/wp-json\/wp\/v2\/media?parent=749"}],"curies":[{"name":"wp","href":"https:\/\/api.w.org\/{rel}","templated":true}]}}