{"id":1436,"date":"2025-06-12T14:00:36","date_gmt":"2025-06-12T14:00:36","guid":{"rendered":"https:\/\/intl.skingourmet.com\/?post_type=product&#038;p=1436"},"modified":"2025-06-12T14:00:36","modified_gmt":"2025-06-12T14:00:36","slug":"gourmet-wooden-box","status":"publish","type":"product","link":"https:\/\/intl.skingourmet.com\/fr\/produit\/gourmet-wooden-box\/","title":{"rendered":"Coffret gourmand en bois"},"excerpt":{"rendered":"<p>Le bois d'afromosia est un bois dur solide et durable, parfait pour la fabrication de caisses robustes. Sa r\u00e9sistance naturelle \u00e0 l'usure, aux parasites et \u00e0 l'humidit\u00e9 garantit sa long\u00e9vit\u00e9, tandis que sa couleur brun dor\u00e9 attrayante lui conf\u00e8re une touche de style. Id\u00e9al pour l'int\u00e9rieur comme pour l'ext\u00e9rieur, l'afromosia est un choix fiable pour la construction de caisses.<\/p>\n<p>L'afromosia est une option polyvalente et \u00e9cologique pour cr\u00e9er des caisses solides et fiables qui allient fonctionnalit\u00e9 et esth\u00e9tique.<\/p>","protected":false},"featured_media":1437,"comment_status":"open","ping_status":"closed","template":"","meta":{"_acf_changed":false},"product_brand":[],"product_cat":[20],"product_tag":[],"class_list":{"0":"post-1436","1":"product","2":"type-product","3":"status-publish","4":"has-post-thumbnail","6":"product_cat-extra","8":"first","9":"instock","10":"shipping-taxable","11":"purchasable","12":"product-type-simple"},"acf":[],"yoast_head":"<!-- This site is optimized with the Yoast SEO plugin v27.2 - https:\/\/yoast.com\/product\/yoast-seo-wordpress\/ -->\n<title>Gourmet Wooden Box - Skin Gourmet International<\/title>\n<meta name=\"robots\" content=\"index, follow, max-snippet:-1, max-image-preview:large, max-video-preview:-1\" \/>\n<link rel=\"canonical\" href=\"https:\/\/intl.skingourmet.com\/fr\/produit\/gourmet-wooden-box\/\" \/>\n<meta property=\"og:locale\" content=\"fr_FR\" \/>\n<meta property=\"og:type\" content=\"article\" \/>\n<meta property=\"og:title\" content=\"Gourmet Wooden Box - Skin Gourmet International\" \/>\n<meta property=\"og:description\" content=\"Afromosia wood is a strong and durable hardwood, perfect for making sturdy crates. It&#039;s natural resistance to wear, pests, and moisture ensures longevity, while it&#039;s attractive golden-brown color adds a touch of style. Ideal for both indoor and outdoor use, Afromosia is a reliable choice for crate construction  Afromosia is a versatile and eco-friendly option for creating sturdy, reliable crates that combine functionality with aesthetic appeal.\" \/>\n<meta property=\"og:url\" content=\"https:\/\/intl.skingourmet.com\/fr\/produit\/gourmet-wooden-box\/\" \/>\n<meta property=\"og:site_name\" content=\"Skin Gourmet International\" \/>\n<meta property=\"og:image\" content=\"https:\/\/intl.skingourmet.com\/wp-content\/uploads\/sites\/2\/2025\/06\/BOX-1111-scaled.png\" \/>\n\t<meta property=\"og:image:width\" content=\"2560\" \/>\n\t<meta property=\"og:image:height\" content=\"1707\" \/>\n\t<meta property=\"og:image:type\" content=\"image\/png\" \/>\n<meta name=\"twitter:card\" content=\"summary_large_image\" \/>\n<script type=\"application\/ld+json\" class=\"yoast-schema-graph\">{\"@context\":\"https:\/\/schema.org\",\"@graph\":[{\"@type\":\"WebPage\",\"@id\":\"https:\/\/intl.skingourmet.com\/fr\/produit\/gourmet-wooden-box\/\",\"url\":\"https:\/\/intl.skingourmet.com\/fr\/produit\/gourmet-wooden-box\/\",\"name\":\"Gourmet Wooden Box - Skin Gourmet International\",\"isPartOf\":{\"@id\":\"https:\/\/intl.skingourmet.com\/#website\"},\"primaryImageOfPage\":{\"@id\":\"https:\/\/intl.skingourmet.com\/fr\/produit\/gourmet-wooden-box\/#primaryimage\"},\"image\":{\"@id\":\"https:\/\/intl.skingourmet.com\/fr\/produit\/gourmet-wooden-box\/#primaryimage\"},\"thumbnailUrl\":\"https:\/\/intl.skingourmet.com\/wp-content\/uploads\/sites\/2\/2025\/06\/BOX-1111-scaled.png\",\"datePublished\":\"2025-06-12T14:00:36+00:00\",\"breadcrumb\":{\"@id\":\"https:\/\/intl.skingourmet.com\/fr\/produit\/gourmet-wooden-box\/#breadcrumb\"},\"inLanguage\":\"fr-FR\",\"potentialAction\":[{\"@type\":\"ReadAction\",\"target\":[\"https:\/\/intl.skingourmet.com\/fr\/produit\/gourmet-wooden-box\/\"]}]},{\"@type\":\"ImageObject\",\"inLanguage\":\"fr-FR\",\"@id\":\"https:\/\/intl.skingourmet.com\/fr\/produit\/gourmet-wooden-box\/#primaryimage\",\"url\":\"https:\/\/intl.skingourmet.com\/wp-content\/uploads\/sites\/2\/2025\/06\/BOX-1111-scaled.png\",\"contentUrl\":\"https:\/\/intl.skingourmet.com\/wp-content\/uploads\/sites\/2\/2025\/06\/BOX-1111-scaled.png\",\"width\":2560,\"height\":1707},{\"@type\":\"BreadcrumbList\",\"@id\":\"https:\/\/intl.skingourmet.com\/fr\/produit\/gourmet-wooden-box\/#breadcrumb\",\"itemListElement\":[{\"@type\":\"ListItem\",\"position\":1,\"name\":\"Home\",\"item\":\"https:\/\/intl.skingourmet.com\/\"},{\"@type\":\"ListItem\",\"position\":2,\"name\":\"Shop\",\"item\":\"https:\/\/intl.skingourmet.com\/shop\/\"},{\"@type\":\"ListItem\",\"position\":3,\"name\":\"Gourmet Wooden Box\"}]},{\"@type\":\"WebSite\",\"@id\":\"https:\/\/intl.skingourmet.com\/#website\",\"url\":\"https:\/\/intl.skingourmet.com\/\",\"name\":\"Skin Gourmet International\",\"description\":\"Raw Edible Skincare Sourced From The Wild\",\"publisher\":{\"@id\":\"https:\/\/intl.skingourmet.com\/#organization\"},\"potentialAction\":[{\"@type\":\"SearchAction\",\"target\":{\"@type\":\"EntryPoint\",\"urlTemplate\":\"https:\/\/intl.skingourmet.com\/?s={search_term_string}\"},\"query-input\":{\"@type\":\"PropertyValueSpecification\",\"valueRequired\":true,\"valueName\":\"search_term_string\"}}],\"inLanguage\":\"fr-FR\"},{\"@type\":\"Organization\",\"@id\":\"https:\/\/intl.skingourmet.com\/#organization\",\"name\":\"Skin Gourmet International\",\"url\":\"https:\/\/intl.skingourmet.com\/\",\"logo\":{\"@type\":\"ImageObject\",\"inLanguage\":\"fr-FR\",\"@id\":\"https:\/\/intl.skingourmet.com\/#\/schema\/logo\/image\/\",\"url\":\"https:\/\/intl.skingourmet.com\/wp-content\/uploads\/sites\/2\/2024\/09\/logo.webp\",\"contentUrl\":\"https:\/\/intl.skingourmet.com\/wp-content\/uploads\/sites\/2\/2024\/09\/logo.webp\",\"width\":688,\"height\":200,\"caption\":\"Skin Gourmet International\"},\"image\":{\"@id\":\"https:\/\/intl.skingourmet.com\/#\/schema\/logo\/image\/\"}}]}<\/script>\n<!-- \/ Yoast SEO plugin. -->","yoast_head_json":{"title":"Bo\u00eete en bois pour gourmet - Skin Gourmet International","robots":{"index":"index","follow":"follow","max-snippet":"max-snippet:-1","max-image-preview":"max-image-preview:large","max-video-preview":"max-video-preview:-1"},"canonical":"https:\/\/intl.skingourmet.com\/fr\/produit\/gourmet-wooden-box\/","og_locale":"fr_FR","og_type":"article","og_title":"Gourmet Wooden Box - Skin Gourmet International","og_description":"Afromosia wood is a strong and durable hardwood, perfect for making sturdy crates. It's natural resistance to wear, pests, and moisture ensures longevity, while it's attractive golden-brown color adds a touch of style. Ideal for both indoor and outdoor use, Afromosia is a reliable choice for crate construction  Afromosia is a versatile and eco-friendly option for creating sturdy, reliable crates that combine functionality with aesthetic appeal.","og_url":"https:\/\/intl.skingourmet.com\/fr\/produit\/gourmet-wooden-box\/","og_site_name":"Skin Gourmet International","og_image":[{"width":2560,"height":1707,"url":"https:\/\/intl.skingourmet.com\/wp-content\/uploads\/sites\/2\/2025\/06\/BOX-1111-scaled.png","type":"image\/png"}],"twitter_card":"summary_large_image","schema":{"@context":"https:\/\/schema.org","@graph":[{"@type":"WebPage","@id":"https:\/\/intl.skingourmet.com\/fr\/produit\/gourmet-wooden-box\/","url":"https:\/\/intl.skingourmet.com\/fr\/produit\/gourmet-wooden-box\/","name":"Bo\u00eete en bois pour gourmet - Skin Gourmet International","isPartOf":{"@id":"https:\/\/intl.skingourmet.com\/#website"},"primaryImageOfPage":{"@id":"https:\/\/intl.skingourmet.com\/fr\/produit\/gourmet-wooden-box\/#primaryimage"},"image":{"@id":"https:\/\/intl.skingourmet.com\/fr\/produit\/gourmet-wooden-box\/#primaryimage"},"thumbnailUrl":"https:\/\/intl.skingourmet.com\/wp-content\/uploads\/sites\/2\/2025\/06\/BOX-1111-scaled.png","datePublished":"2025-06-12T14:00:36+00:00","breadcrumb":{"@id":"https:\/\/intl.skingourmet.com\/fr\/produit\/gourmet-wooden-box\/#breadcrumb"},"inLanguage":"fr-FR","potentialAction":[{"@type":"ReadAction","target":["https:\/\/intl.skingourmet.com\/fr\/produit\/gourmet-wooden-box\/"]}]},{"@type":"ImageObject","inLanguage":"fr-FR","@id":"https:\/\/intl.skingourmet.com\/fr\/produit\/gourmet-wooden-box\/#primaryimage","url":"https:\/\/intl.skingourmet.com\/wp-content\/uploads\/sites\/2\/2025\/06\/BOX-1111-scaled.png","contentUrl":"https:\/\/intl.skingourmet.com\/wp-content\/uploads\/sites\/2\/2025\/06\/BOX-1111-scaled.png","width":2560,"height":1707},{"@type":"BreadcrumbList","@id":"https:\/\/intl.skingourmet.com\/fr\/produit\/gourmet-wooden-box\/#breadcrumb","itemListElement":[{"@type":"ListItem","position":1,"name":"Home","item":"https:\/\/intl.skingourmet.com\/"},{"@type":"ListItem","position":2,"name":"Shop","item":"https:\/\/intl.skingourmet.com\/shop\/"},{"@type":"ListItem","position":3,"name":"Gourmet Wooden Box"}]},{"@type":"WebSite","@id":"https:\/\/intl.skingourmet.com\/#website","url":"https:\/\/intl.skingourmet.com\/","name":"Skin Gourmet International","description":"Soins de la peau \u00e0 base de produits comestibles bruts provenant de la nature","publisher":{"@id":"https:\/\/intl.skingourmet.com\/#organization"},"potentialAction":[{"@type":"SearchAction","target":{"@type":"EntryPoint","urlTemplate":"https:\/\/intl.skingourmet.com\/?s={search_term_string}"},"query-input":{"@type":"PropertyValueSpecification","valueRequired":true,"valueName":"search_term_string"}}],"inLanguage":"fr-FR"},{"@type":"Organization","@id":"https:\/\/intl.skingourmet.com\/#organization","name":"Skin Gourmet International","url":"https:\/\/intl.skingourmet.com\/","logo":{"@type":"ImageObject","inLanguage":"fr-FR","@id":"https:\/\/intl.skingourmet.com\/#\/schema\/logo\/image\/","url":"https:\/\/intl.skingourmet.com\/wp-content\/uploads\/sites\/2\/2024\/09\/logo.webp","contentUrl":"https:\/\/intl.skingourmet.com\/wp-content\/uploads\/sites\/2\/2024\/09\/logo.webp","width":688,"height":200,"caption":"Skin Gourmet International"},"image":{"@id":"https:\/\/intl.skingourmet.com\/#\/schema\/logo\/image\/"}}]}},"_links":{"self":[{"href":"https:\/\/intl.skingourmet.com\/fr\/wp-json\/wp\/v2\/product\/1436","targetHints":{"allow":["GET"]}}],"collection":[{"href":"https:\/\/intl.skingourmet.com\/fr\/wp-json\/wp\/v2\/product"}],"about":[{"href":"https:\/\/intl.skingourmet.com\/fr\/wp-json\/wp\/v2\/types\/product"}],"replies":[{"embeddable":true,"href":"https:\/\/intl.skingourmet.com\/fr\/wp-json\/wp\/v2\/comments?post=1436"}],"wp:featuredmedia":[{"embeddable":true,"href":"https:\/\/intl.skingourmet.com\/fr\/wp-json\/wp\/v2\/media\/1437"}],"wp:attachment":[{"href":"https:\/\/intl.skingourmet.com\/fr\/wp-json\/wp\/v2\/media?parent=1436"}],"wp:term":[{"taxonomy":"product_brand","embeddable":true,"href":"https:\/\/intl.skingourmet.com\/fr\/wp-json\/wp\/v2\/product_brand?post=1436"},{"taxonomy":"product_cat","embeddable":true,"href":"https:\/\/intl.skingourmet.com\/fr\/wp-json\/wp\/v2\/product_cat?post=1436"},{"taxonomy":"product_tag","embeddable":true,"href":"https:\/\/intl.skingourmet.com\/fr\/wp-json\/wp\/v2\/product_tag?post=1436"}],"curies":[{"name":"wp","href":"https:\/\/api.w.org\/{rel}","templated":true}]}}